{"id":166,"date":"2018-08-13T11:10:51","date_gmt":"2018-08-13T11:10:51","guid":{"rendered":"https:\/\/interlodge.de\/?page_id=166"},"modified":"2021-06-24T20:34:19","modified_gmt":"2021-06-24T18:34:19","slug":"anbieterservice","status":"publish","type":"page","link":"https:\/\/interlodge.de\/en\/anbieterservice","title":{"rendered":"Anbieterservice"},"content":{"rendered":"\n<p><strong>von Inter<span style=\"color: #fd0300;\">lodge<\/span><sup>\u00a9<\/sup><\/strong><\/p>\n\n\n\n<p>Sie k\u00f6nnen Ihr Objekt direkt\u00a0<a href=\"https:\/\/interlodge.de\/wohnung-eingeben\">online<\/a>\u00a0eingeben oder\u00a0telefonisch unter\u00a0<strong>0201 &#8211; 94 620 680<\/strong>\u00a0anmelden. Grundlage unserer Zusammenarbeit sind unsere<br><br><a href=\"https:\/\/interlodge.de\/agb-vermieter\" target=\"_blank\" rel=\"noreferrer noopener\">Allgemeine Gesch\u00e4ftsbedingungen<\/a> f\u00fcr Wohnraumanbieter \u00a0<br><br>Dar\u00fcberhinaus wird mit Ihrer <a href=\"https:\/\/interlodge.de\/wp-content\/uploads\/2018\/08\/Registrierung.pdf\">Registrierung<\/a> bei Interlodge der Ablauf der Vermietung Ihres Angebotes geregelt. (Bitte ausdrucken, ausf\u00fcllen und per Post oder Email an uns \u00fcbermitteln)<br><\/p>\n\n\n\n<p><strong>Wir illustrieren Ihr Angebot mit Ihren Bildern.<\/strong><\/p>\n\n\n\n<p>Die Fotos stellen wir zu Ihrem Angebot ins Internet (selbstverst\u00e4ndlich ohne Adresse und Telefonnummern). So k\u00f6nnen unsere Kunden Ihre Wohnung virtuell besichtigen und sich und Ihnen dabei viel Zeit ersparen.<\/p>\n\n\n\n<p>Viele Wohnungen werden bereits nach der virtuellen Besichtigung gemietet, ohne einen Termin vor Ort. Dies ist vor allem f\u00fcr diejenigen unserer Kunden interessant, die aus dem Ausland kommen.<\/p>\n\n\n\n<p><strong>Wir arrangieren Besichtigungstermine.<\/strong><\/p>\n\n\n\n<p>Auf Wunsch terminieren wir Vermieter und Mieter auf einen gemeinsamen Termin im Mietobjekt.<\/p>\n\n\n\n<p><strong>Wir fertigen auf Wunsch den Mietvertrag f\u00fcr Sie an.<\/strong><\/p>\n\n\n\n<p>Wir haben Vorlagen f\u00fcr s\u00e4mtliche Mietvertr\u00e4ge, die wir nach den individuellen Bed\u00fcrfnissen modifizieren k\u00f6nnen. Das gleiche gilt f\u00fcr Inventarlisten, \u00dcbergabeprotokolle oder Mietzeitverl\u00e4ngerungen. Unsere Kundenberater\/innen erstellen Ihnen gerne das gew\u00fcnschte Dokument.<\/p>\n\n\n\n<p><strong>Wir stehen Ihnen w\u00e4hrend der gesamten Mietdauer mit Rat und Tat zur Seite.<\/strong><\/p>\n\n\n\n<p>Falls Sie Fragen oder Probleme in Bezug auf die Vermietung haben, k\u00f6nnen Sie sich jederzeit an uns wenden. Wir helfen Ihnen gerne! Wir halten f\u00fcr Sie den Kontakt zum Mieter und treten als Moderator auf.<\/p>\n\n\n\n<p><strong>Pr\u00e4sentation Ihres Angebots<\/strong><\/p>\n\n\n\n<p><strong>Zum Datenschutz<\/strong><\/p>\n\n\n\n<p>Aus den im Internet angebotenen Informationen geht nicht hervor, wer der Eigent\u00fcmer bzw. Vermieter des Objektes ist oder wo das Objekt genau ist. Ihr Name, die Adresse der Wohnung oder Ihre Telefonnummer wird nicht ver\u00f6ffentlicht und ist ausschlie\u00dflich unseren Mitarbeitern zug\u00e4nglich. Sehen sie sich in diesem Fall auch unsere&nbsp;<a href=\"https:\/\/interlodge.de\/datenschutzerklaerung\">Datenschutzerkl\u00e4rung nach&nbsp;<\/a><a href=\"https:\/\/interlodge.de\/datenschutzerklaerung\">EU-Datenschutzgrundverordnung (DSGVO)<\/a>&nbsp;an.<\/p>\n\n\n\n<a href=\".\/anbieter\"><i class=\"fas fa-angle-double-right\"><\/i> zur\u00fcck zu den Anbieterinfos<\/a>\n","protected":false},"excerpt":{"rendered":"<p>von Interlodge\u00a9 Sie k\u00f6nnen Ihr Objekt direkt\u00a0online\u00a0eingeben oder\u00a0telefonisch unter\u00a00201 &#8211; 94 620 680\u00a0anmelden. Grundlage unserer Zusammenarbeit sind unsere Allgemeine Gesch\u00e4ftsbedingungen f\u00fcr Wohnraumanbieter \u00a0 Dar\u00fcberhinaus wird mit Ihrer Registrierung bei Interlodge der Ablauf der Vermietung Ihres Angebotes geregelt. (Bitte ausdrucken, ausf\u00fcllen und per Post oder Email an uns \u00fcbermitteln) Wir illustrieren Ihr Angebot mit Ihren Bildern. Die Fotos stellen wir zu Ihrem Angebot ins Internet (selbstverst\u00e4ndlich ohne Adresse und Telefonnummern). So k\u00f6nnen unsere Kunden Ihre Wohnung virtuell besichtigen und sich und Ihnen dabei viel Zeit ersparen. Viele Wohnungen werden bereits nach der virtuellen Besichtigung gemietet, ohne einen Termin vor Ort. Dies ist vor allem f\u00fcr diejenigen<span class=\"more-link\"><a href=\"https:\/\/interlodge.de\/en\/anbieterservice\">Read More &rarr;<\/a><\/span><\/p>\n","protected":false},"author":1,"featured_media":194,"parent":0,"menu_order":0,"comment_status":"closed","ping_status":"closed","template":"","meta":{"footnotes":""},"class_list":["entry","author-eckey","post-166","page","type-page","status-publish","has-post-thumbnail"],"translation":{"provider":"WPGlobus","version":"3.0.2","language":"en","enabled_languages":["de","en"],"languages":{"de":{"title":true,"content":true,"excerpt":false},"en":{"title":false,"content":false,"excerpt":false}}},"_links":{"self":[{"href":"https:\/\/interlodge.de\/en\/wp-json\/wp\/v2\/pages\/166","targetHints":{"allow":["GET"]}}],"collection":[{"href":"https:\/\/interlodge.de\/en\/wp-json\/wp\/v2\/pages"}],"about":[{"href":"https:\/\/interlodge.de\/en\/wp-json\/wp\/v2\/types\/page"}],"author":[{"embeddable":true,"href":"https:\/\/interlodge.de\/en\/wp-json\/wp\/v2\/users\/1"}],"replies":[{"embeddable":true,"href":"https:\/\/interlodge.de\/en\/wp-json\/wp\/v2\/comments?post=166"}],"version-history":[{"count":15,"href":"https:\/\/interlodge.de\/en\/wp-json\/wp\/v2\/pages\/166\/revisions"}],"predecessor-version":[{"id":587,"href":"https:\/\/interlodge.de\/en\/wp-json\/wp\/v2\/pages\/166\/revisions\/587"}],"wp:featuredmedia":[{"embeddable":true,"href":"https:\/\/interlodge.de\/en\/wp-json\/wp\/v2\/media\/194"}],"wp:attachment":[{"href":"https:\/\/interlodge.de\/en\/wp-json\/wp\/v2\/media?parent=166"}],"curies":[{"name":"wp","href":"https:\/\/api.w.org\/{rel}","templated":true}]}}