{"id":176,"date":"2018-08-13T11:06:37","date_gmt":"2018-08-13T11:06:37","guid":{"rendered":"https:\/\/interlodge.de\/?page_id=176"},"modified":"2023-01-28T01:40:09","modified_gmt":"2023-01-28T00:40:09","slug":"anbieter","status":"publish","type":"page","link":"https:\/\/interlodge.de\/en\/anbieter","title":{"rendered":"Anbieter"},"content":{"rendered":"\n<p><strong>Inter<span style=\"color: #fd0300;\">lodge<\/span>&nbsp;f\u00fcr Wohnraumanbieter<br><\/strong><a rel=\"noreferrer noopener\" target=\"_blank\" href=\".\/anbieterservice\">Unsere Serviceleistungen<\/a><\/p>\n\n\n\n<p><strong><br>Wir geben Ihre Wohnung in gute H\u00e4nde!<\/strong><\/p>\n\n\n\n<ul class=\"wp-block-list\">\n<li>Sie m\u00f6chten als Eigent\u00fcmer Ihre Wohnungen auf Dauer gut vermietet wissen. Gerade, wenn diese komplett ausgestattet und m\u00f6bliert sind.<br><\/li>\n\n\n\n<li>Erst recht, wenn es sich dabei um Ihre eigene Wohnung handelt, die Sie f\u00fcr die Zeit, in der Sie an einen anderen Ort m\u00fcssen, zwischenvermieten.<\/li>\n<\/ul>\n\n\n\n<p><strong>Gleichzeitig m\u00f6chten Sie aber den direkten Zugriff auf Ihr Eigentum aus unterschiedlichen nicht verlieren:<\/strong><\/p>\n\n\n\n<ul class=\"wp-block-list\">\n<li>Denn Sie m\u00f6chten selbstverst\u00e4ndlich nach Ihrem Auslandsaufenthalt wieder Ihre eigenen &#8220;4 W\u00e4nde&#8221; beziehen ,<\/li>\n<\/ul>\n\n\n\n<ul class=\"wp-block-list\">\n<li>oder Ihre Immobilie in unvermietetem Zustand verkaufen,<\/li>\n<\/ul>\n\n\n\n<ul class=\"wp-block-list\">\n<li>oder die M\u00f6glichkeit haben, einem Familienmitglied die Wohnung zur Verf\u00fcgung stellen zu k\u00f6nnen.<\/li>\n<\/ul>\n\n\n\n<p>Es gibt dutzende Gr\u00fcnde, seinen Wohnraum m\u00f6bliert und zeitlich befristet zu vermieten.<\/p>\n\n\n\n<p><strong>Ihr Vorteil bei Zeitmietern ist:<\/strong><\/p>\n\n\n\n<p><strong>Sie behalten die F\u00e4den in Ihrer Hand und k\u00f6nnen jederzeit umdisponieren.<\/strong><\/p>\n\n\n\n<p>Die spezielle Art der Vermietung k\u00f6nnen Sie als Anbieter von m\u00f6blierten Wohnraum bei Inter<span style=\"color:#fd0300;\">lodge<\/span> haben. Hierbei k\u00f6nnen wir auf Erfahrungen seit dem ersten Marktauftrittt dieser Dienstleistung 1987 zur\u00fcckgreifen.<\/p>\n\n\n\n<p>Vereinbaren Sie einfach einen Termin mit unseren Mitarbeitern oder nutzen Sie unser&nbsp;<a href=\".\/wohnung-eingeben\">Onlineformular<\/a>&nbsp;und geben Ihre Wohnung direkt zur Vermittlung frei. Sie entscheiden aber letztendlich, mit wem Sie den Zeitmietvertrag abschliessen werden.<\/p>\n\n\n\n<p><strong>Zeitmieter bringen mehr Flexibilit\u00e4t!<br><br><br>Bei&nbsp;Inter<span style=\"color: #fd0300;\">lodge<\/span>&nbsp;wird Ihr Angebot optimal im Internet angeboten<br><br><\/strong>Wir bewerben Ihre m\u00f6blierte Wohnung auf den meisten relevanten Portalen im Internet, z.B.:<br><\/p>\n\n\n\n<p><strong><a rel=\"noreferrer noopener\" href=\"http:\/\/www.immonet.de\" target=\"_blank\">www.immonet.de<\/a><br><a rel=\"noreferrer noopener\" href=\"http:\/\/www.immowelt.de\" target=\"_blank\">www.immowelt.de<\/a><\/strong><br><strong><a href=\"http:\/\/www.immoscout.de\" data-type=\"URL\" data-id=\"http:\/\/www.immscout.de\">www.immoscout.de<\/a><\/strong><a rel=\"noreferrer noopener\" href=\"http:\/\/www.immowelt.de\" target=\"_blank\"><strong><br><\/strong><\/a><strong><a rel=\"noopener\" href=\"http:\/\/www.immobilien.de\/\" target=\"_blank\">www.immobilien.de<\/a><br><a rel=\"noreferrer noopener\" href=\"http:\/\/www.immozentral.de\/\" target=\"_blank\">www.immozentral.de<\/a><br><a rel=\"noreferrer noopener\" href=\"http:\/\/www.immo4trans.de\/\" target=\"_blank\">www.immo4trans.de<\/a><br><a rel=\"noreferrer noopener\" href=\"http:\/\/www.zwopo.de\" target=\"_blank\">www.zwopo.de<\/a><br><\/strong><br>und vielen weiteren Portalen von Tageszeitungen und Wochenzeitschriften.<\/p>\n","protected":false},"excerpt":{"rendered":"<p>Interlodge&nbsp;f\u00fcr WohnraumanbieterUnsere Serviceleistungen Wir geben Ihre Wohnung in gute H\u00e4nde! Gleichzeitig m\u00f6chten Sie aber den direkten Zugriff auf Ihr Eigentum aus unterschiedlichen nicht verlieren: Es gibt dutzende Gr\u00fcnde, seinen Wohnraum m\u00f6bliert und zeitlich befristet zu vermieten. Ihr Vorteil bei Zeitmietern ist: Sie behalten die F\u00e4den in Ihrer Hand und k\u00f6nnen jederzeit umdisponieren. Die spezielle Art der Vermietung k\u00f6nnen Sie als Anbieter von m\u00f6blierten Wohnraum bei Interlodge haben. Hierbei k\u00f6nnen wir auf Erfahrungen seit dem ersten Marktauftrittt dieser Dienstleistung 1987 zur\u00fcckgreifen. Vereinbaren Sie einfach einen Termin mit unseren Mitarbeitern oder nutzen Sie unser&nbsp;Onlineformular&nbsp;und geben Ihre Wohnung direkt zur Vermittlung frei. Sie entscheiden aber letztendlich, mit wem<span class=\"more-link\"><a href=\"https:\/\/interlodge.de\/en\/anbieter\">Read More &rarr;<\/a><\/span><\/p>\n","protected":false},"author":1,"featured_media":200,"parent":0,"menu_order":0,"comment_status":"closed","ping_status":"closed","template":"","meta":{"footnotes":""},"class_list":["entry","author-eckey","post-176","page","type-page","status-publish","has-post-thumbnail"],"translation":{"provider":"WPGlobus","version":"3.0.2","language":"en","enabled_languages":["de","en"],"languages":{"de":{"title":true,"content":true,"excerpt":false},"en":{"title":false,"content":false,"excerpt":false}}},"_links":{"self":[{"href":"https:\/\/interlodge.de\/en\/wp-json\/wp\/v2\/pages\/176","targetHints":{"allow":["GET"]}}],"collection":[{"href":"https:\/\/interlodge.de\/en\/wp-json\/wp\/v2\/pages"}],"about":[{"href":"https:\/\/interlodge.de\/en\/wp-json\/wp\/v2\/types\/page"}],"author":[{"embeddable":true,"href":"https:\/\/interlodge.de\/en\/wp-json\/wp\/v2\/users\/1"}],"replies":[{"embeddable":true,"href":"https:\/\/interlodge.de\/en\/wp-json\/wp\/v2\/comments?post=176"}],"version-history":[{"count":18,"href":"https:\/\/interlodge.de\/en\/wp-json\/wp\/v2\/pages\/176\/revisions"}],"predecessor-version":[{"id":670,"href":"https:\/\/interlodge.de\/en\/wp-json\/wp\/v2\/pages\/176\/revisions\/670"}],"wp:featuredmedia":[{"embeddable":true,"href":"https:\/\/interlodge.de\/en\/wp-json\/wp\/v2\/media\/200"}],"wp:attachment":[{"href":"https:\/\/interlodge.de\/en\/wp-json\/wp\/v2\/media?parent=176"}],"curies":[{"name":"wp","href":"https:\/\/api.w.org\/{rel}","templated":true}]}}