{"id":19,"date":"2018-08-07T12:05:59","date_gmt":"2018-08-07T12:05:59","guid":{"rendered":"https:\/\/interlodge.de\/?page_id=19"},"modified":"2025-01-19T11:41:05","modified_gmt":"2025-01-19T10:41:05","slug":"agb","status":"publish","type":"page","link":"https:\/\/interlodge.de\/en\/agb","title":{"rendered":"AGB-Mieter"},"content":{"rendered":"\n<p><strong>Allgemeine Gesch\u00e4ftsbedingungen&nbsp;der&nbsp;Inter<span style=\"color: #fd0300;\">lodge<\/span> Moritz Vennemann Immobilien &#8211; im folgenden&nbsp;&nbsp;Inter<span style=\"color: #fd0300;\">lodge<\/span> &#8211;<\/strong>&nbsp;<strong>f\u00fcr Mieter&nbsp;<\/strong><\/p>\n\n\n\n<p><strong><\/strong><sup>( Widerrufbelehrung [Fernabsatz] am Textende )<br><br><\/sup><\/p>\n\n\n\n<p><strong>\u00a7 1 Keine Provision<br><\/strong><br>F\u00fcr Wohnraumsuchende (im folgenden Auftraggeber genannt) ist die Wohnraumvermittlung durch Inter<span style=\"color: #fd0300;\">lodge<\/span>&nbsp;geb\u00fchrenfrei.<br><\/p>\n\n\n\n<p><strong>\u00a7 2 Auftrag<\/strong><\/p>\n\n\n\n<p>Mit Auftragserteilung erkennt der&nbsp;Wohnraumsuchende die Gesch\u00e4fts- bedingungen von Inter<span style=\"color: #fd0300;\">lodge<\/span> verbindlich an. &nbsp;<br><br><br><strong>\u00a7 3 Dauer<br><br><\/strong>Die Gesch\u00e4ftsbedingungen von&nbsp;Inter<span style=\"color: #fd0300;\">lodge<\/span>&nbsp;behalten unbefristet Ihre G\u00fcltigkeit und sind auch bei sp\u00e4teren oder wiederholten Anmietungen durch oder \u00fcber den Auftraggeber&nbsp;des durch&nbsp;&nbsp;Inter<span style=\"color: #fd0300;\">lodge<\/span>&nbsp;vermittelten Wohnraumes&nbsp;bzw. Vermieterkontaktes anzuwenden.<br><\/p>\n\n\n\n<p><strong>\u00a7 4 Nachweis<\/strong><br><br>Der Auftraggeber erh\u00e4lt von&nbsp; Inter<span style=\"color: #fd0300;\">lodge<\/span>&nbsp;Mietangebote. Sollten einzelne Mietangebote dem Auftraggeber bereits bekannt sein, so verpflichtet er sich,&nbsp;Inter<span style=\"color: #fd0300;\">lodge<\/span> unverz\u00fcglich dar\u00fcber in Kenntnis zu setzen, wann und durch welcher Quelle er diese Informationen erhalten hat.<br>Auf Verlangen von Inter<span style=\"color: #fd0300;\">lodge<\/span> ist dies schriftlich nachzuweisen.<br>Inter<span style=\"color: #fd0300;\">lodge<\/span> ist berechtigt die Kontaktdaten des Auftraggebers dem Vermieter des angefragten Objektes zu \u00fcbermitteln.<\/p>\n\n\n\n<p><br><strong>\u00a7 5 Mitteilungspflicht<\/strong><\/p>\n\n\n\n<p>Der Auftraggeber verpflichtet sich den durch Inter<span style=\"color: #fd0300;\">lodge<\/span> bekanntgemachten Wohnraumanbietern mitzuteilen, dass sie ihr Angebot &nbsp;von Inter<span style=\"color: #fd0300;\">lodge<\/span> erhalten haben.<br>Dar\u00fcber hinaus ist der Auftraggeber verpflichtet, \u00fcber jeden schriftlichen oder m\u00fcndlichen Mietvertrag, der \u00fcber eines durch Inter<span style=\"color: #fd0300;\">lodge<\/span> bekanntgemachten Angebote vereinbart wird, Inter<span style=\"color: #fd0300;\">lodge<\/span> unverz\u00fcglich in Kenntnis zu setzen. Das gilt auch f\u00fcr Mietvereinbarungen \u00fcber Wohnraum, der nicht explizit in den von Inter<span style=\"color: #fd0300;\">lodge<\/span> zur Verf\u00fcgung gestellten Mietangeboten genannt wurde, aber aus der Vermittlung durch Inter<span style=\"color: #fd0300;\">lodge<\/span> resultiert (z.B. ein anderer, nicht genannter Wohnraum desselben Vermieters).<br><br>Ebenfalls unterliegen Verl\u00e4ngerungen der Mietzeit sowie Folgemietvertr\u00e4ge oder sp\u00e4tere Anmietungen dieser Mitteilungspflicht.<br><br>Auf Verlangen durch Inter<span style=\"color: #fd0300;\">lodge<\/span> ist der Auftraggeber verpflichtet, Kopien der jeweiligen Mietvertr\u00e4ge zur Verf\u00fcgung zu stellen.<br><br><\/p>\n\n\n\n<p><strong>\u00a7 6 Quellenschutz,&nbsp;<\/strong><strong>Pflicht zur Verschwiegenheit<\/strong><\/p>\n\n\n\n<p>Der Auftraggeber verpflichtet sich, s\u00e4mtliche durch Inter<span style=\"color: #fd0300;\">lodge<\/span> bekannt- gemachten Informationen vertraulich zu behandeln und nicht an Dritte weiterzugeben, die in keinem Zusammenhang mit dem Auftrag stehen. Dies gilt f\u00fcr alle Informationen zum Mietobjekt, Adressen und Kontaktdaten der Vermieter.<br>Bei unbefugter Weitergabe haftet er Inter<span style=\"color: #fd0300;\">lodge<\/span> im Zuge des Schadensersatzes (Bundesgerichtshof, 1987).&nbsp;<br><br><\/p>\n\n\n\n<p><strong>\u00a7 7 &nbsp;Haftungsbegrenzung<\/strong><\/p>\n\n\n\n<p>Die Mietangebote von Inter<span style=\"color: #fd0300;\">lodge<\/span> werden nach besten Wissen und Gewissen gemacht.&nbsp;<br>Der&nbsp;Wohnraumsuchende ist in jedem Fall angehalten, sich von der Richtigkeit der gemachten Angaben selbst zu \u00fcberzeugen (Besichtigungstermine, Direktkontakt mit dem Vermieter etc.)<br>Eine Haftung \u00fcber die Richtigkeit der gemachten Angaben schlie\u00dft&nbsp; Inter<span style=\"color: #fd0300;\">lodge<\/span>&nbsp;jedoch trotz gr\u00f6\u00dfter Sorgfalt bei der Expos\u00e9erstellung aus.<br><br>Inter<span style=\"color: #fd0300;\">lodge<\/span> tritt ausschlie\u00dflich als Nachweisende bzw. Vermittlerin auf. Trotz aller Sorgfalt k\u00f6nnen wir f\u00fcr evtl. Sch\u00e4den, die im Zuge des Mietverh\u00e4ltnisses entstehen, keine Haftung \u00fcbernehmen.<br><br>Inter<span style=\"color: #fd0300;\">lodge<\/span>&nbsp;schlie\u00dft eine Haftung f\u00fcr nicht&nbsp;zustande gekommener&nbsp;Miet- vereinbarungen bzw. Vermittlungen aus.&nbsp;<br><br><strong>\u00a7 8 Erledigung des Auftrages<\/strong><\/p>\n\n\n\n<p>Falls sich der konkrete Auftrag des Auftraggebers erledigt hat, verpflichtet er sich,&nbsp;Inter<span style=\"color: #fd0300;\">lodge<\/span> hier\u00fcber unverz\u00fcglich in Kenntnis zu setzen.&nbsp;<br>Mit der Mitteilung der Auftragserledigung&nbsp;erkl\u00e4rt der Auftraggeber verbindlich, dass es zu keinem von &nbsp;Inter<span style=\"color: #fd0300;\">lodge<\/span> vermittelten Vertragsabschlu\u00df gekommen ist und der Auftraggeber keinen weiteren Gebrauch der durch&nbsp;Inter<span style=\"color: #fd0300;\">lodge<\/span> zur Verf\u00fcgung gestellten Informationen macht.<br><br><strong><br>\u00a7 9 Fotografische Illustration<\/strong><\/p>\n\n\n\n<p>Durch die Illustration via Bildmaterial verl\u00e4sst Inter<span style=\"color: #fd0300;\">lodge<\/span> die Ebene des Nachweis- bzw. Vermittlungsmaklers nicht. Etwaige Anspr\u00fcche, die sich auf falsche Zuordnung von Bildmaterial bzw. m\u00f6gliche Differenzen zwischen Bild und aktuellem Zustand des entsprechenden Objekts st\u00fctzen, sind daher ausgeschlossen.<\/p>\n\n\n\n<p><strong><br>\u00a7 10 Salvatorische Klausel<br><\/strong><br>Sollte eine Bestimmung dieses Vertrages unwirksam sein oder unwirksam werden,&nbsp;wird die Wirksamkeit&nbsp;der \u00fcbrigen Bestimmungen davon nicht ber\u00fchrt. Der Auftraggeber und&nbsp;&nbsp;Inter<span style=\"color: #fd0300;\">lodge<\/span>&nbsp;verpflichten sich, anstelle der&nbsp; unwirksamen&nbsp;Bestimmung&nbsp;eine dieser Bestimmung m\u00f6glichst nahekommende wirksame Regelung im Sinne dieser Vereinbarung zu treffen.<\/p>\n\n\n\n<p><strong><br>\u00a7 11 Gerichtsstand<\/strong><\/p>\n\n\n\n<p>Gerichtsstand ist Essen sofern es sich bei dem Auftraggeber um einen Kaufmann, einer juristischen Person des \u00f6ffentlichen Rechts, ein \u00f6ffentlich-rechtliches Sonderverm\u00f6gen handelt oder\u00a0der Auftraggeber keinen Wohnsitz in Deutschland unterh\u00e4lt.<br>F\u00fcr alle Vertragsangelegenheiten von und mit Inter<span style=\"color: #fd0300;\">lodge<\/span> ist das deutsche Recht anzuwenden.<br><br>\u00a0\u00a0\u00a0 \u00a0\u00a0\u00a0 \u00a0\u00a0\u00a0 \u00a0\u00a0\u00a0 \u00a0\u00a0\u00a0 \u00a0\u00a0\u00a0 \u00a0\u00a0\u00a0 \u00a0\u00a0\u00a0 \u00a0\u00a0\u00a0 \u00a0\u00a0\u00a0 \u00a0\u00a0\u00a0 \u00a0\u00a0\u00a0 \u00a0\u00a0\u00a0 \u00a0\u00a0\u00a0 \u00a0\u00a0\u00a0 \u00a0\u00a0\u00a0 \u00a0\u00a0\u00a0 \u00a0\u00a0\u00a0\u00a0 \u00a0\u00a0\u00a0 \u00a0\u00a0\u00a0 \u00a0\u00a0\u00a0 \u00a0\u00a0 \u00a0\u00a0\u00a0 \u00a0\u00a0\u00a0 \u00a0\u00a0Essen, 1. August 2023<br><br><br><strong>Datenschutzerkl\u00e4reung<br><\/strong><br><a href=\"https:\/\/interlodge.de\/datenschutzerklaerung\">Datenschutzerkl\u00e4rung nach \u00a0EU-Datenschutzgrundverordnung (DSGVO)<\/a><br><strong><br><br>Verbraucherinformation gem\u00e4\u00df Fernabsatzgesetz<br><br><\/strong>Diese Informationen dienen der Erf\u00fcllung von Informationspflichten aufgrund \u00a7 312 c BGB in Verbindung mit Artikel 246 \u00a7\u00a7 1 und 2 des Erf\u00fcllungsgesetzes zum B\u00fcrgerlichen Gesetzbuch (EGBGB), wenn die Vermittlung von Inter<span style=\"color: #fd0300;\">lodge<\/span> Moritz Vennemann Immobilien, Rellinghauser Str. 165, 45128\u00a0 Essen,\u00a0 ausschlie\u00dflich unter Verwendung von Fernkommunikationsmitteln zustande kommt. Fernkommunikationsmittel und Kommunikationsmittel, die zur Anbahnung oder zum Abschluss eines Vertrages zwischen einem Verbraucher und einem Unternehmer ohne gleichzeitige k\u00f6rperliche Anwesenheit der Vertragsparteien eingesetzt werden k\u00f6nnen, insbesondere Briefe, Kataloge, Telefonanrufe, Telekopien, E &#8211; Mails sowie Rundfunk, Tele- oder Mediendienste.\u00a0<br><strong><br><br>Widerrufbelehrung (Fernabsatz)<br><\/strong><br><strong>1.1 Widerrufsrecht<\/strong><br><br>Sie k\u00f6nnen Ihre Vertragserkl\u00e4rung innerhalb von 14 Tagen ohne Angabe von Gr\u00fcnden in Textform (z. B. Brief, Fax, E-Mail) widerrufen. Die Frist beginnt nach Erhalt dieser Belehrung in Textform, jedoch nicht vor Vertragsschluss und auch nicht vor Erf\u00fcllung unserer Informationspflichten gem\u00e4\u00df Artikel 246 \u00a7 2 in Verbindung mit \u00a7 1 Abs. 1 und 2 EGBGB sowie unserer Pflichten gem\u00e4\u00df \u00a7 312 e Abs. 1 Satz 1 BGB in Verbindung mit Artikel 246 \u00a7 3 EGBGB. Zur Wahrung der Widerrufsfrist gen\u00fcgt die rechtzeitige Absendung des Widerrufs. Der Widerruf ist zu richten an:<br><br>Inter<span style=\"color: #fd0300;\">lodge<\/span> Moritz Vennemann Immobilien,\u00a0<br>Rellinghauser Str. 165, 45128 Essen<br>Tel.: +49 (0)\u00a0201 94 620 680<br>E-Mail: info@interlodge.de<br><br><strong>1.2 Widerrufsfolgen\u00a0<\/strong><br><br>Im Falle eines wirksamen Widerrufs sind die beiderseits empfangenen Leistungen zur\u00fcck zu gew\u00e4hren und ggf. gezogene Nutzungen (z.B. Zinsen) herauszugeben. K\u00f6nnen Sie uns die empfangene Leistung ganz oder teilweise nicht oder nur in verschlechtertem Zustand zur\u00fcckgew\u00e4hren, m\u00fcssen Sie uns insoweit ggf. Wertersatz leisten. Dies kann dazu f\u00fchren, dass Sie die vertraglichen Zahlungsverpflichtungen f\u00fcr den Zeitraum bis zum Widerruf gleichwohl erf\u00fcllen m\u00fcssen. Verpflichtungen zur Erstattung von Zahlungen m\u00fcssen innerhalb von 30 Tagen erf\u00fcllt werden. Die Frist beginnt f\u00fcr Sie mit der Absendung Ihrer Widerrufserkl\u00e4rung, f\u00fcr uns mit deren Empfang.<br><br><strong>1.3 Besondere Hinweise<\/strong><br><br>Ihr Widerrufsrecht erlischt vorzeitig, wenn der Vertrag von beiden Seiten auf Ihren ausdr\u00fccklichen Wunsch vollst\u00e4ndig erf\u00fcllt ist, bevor Sie Ihr Widerrufsrecht ausge\u00fcbt haben.<br><br>Ende der Widerrufsbelehrung.<br><\/p>\n","protected":false},"excerpt":{"rendered":"<p>Allgemeine Gesch\u00e4ftsbedingungen&nbsp;der&nbsp;Interlodge Moritz Vennemann Immobilien &#8211; im folgenden&nbsp;&nbsp;Interlodge &#8211;&nbsp;f\u00fcr Mieter&nbsp; ( Widerrufbelehrung [Fernabsatz] am Textende ) \u00a7 1 Keine ProvisionF\u00fcr Wohnraumsuchende (im folgenden Auftraggeber genannt) ist die Wohnraumvermittlung durch Interlodge&nbsp;geb\u00fchrenfrei. \u00a7 2 Auftrag Mit Auftragserteilung erkennt der&nbsp;Wohnraumsuchende die Gesch\u00e4fts- bedingungen von Interlodge verbindlich an. &nbsp; \u00a7 3 Dauer Die Gesch\u00e4ftsbedingungen von&nbsp;Interlodge&nbsp;behalten unbefristet Ihre G\u00fcltigkeit und sind auch bei sp\u00e4teren oder wiederholten Anmietungen durch oder \u00fcber den Auftraggeber&nbsp;des durch&nbsp;&nbsp;Interlodge&nbsp;vermittelten Wohnraumes&nbsp;bzw. Vermieterkontaktes anzuwenden. \u00a7 4 Nachweis Der Auftraggeber erh\u00e4lt von&nbsp; Interlodge&nbsp;Mietangebote. Sollten einzelne Mietangebote dem Auftraggeber bereits bekannt sein, so verpflichtet er sich,&nbsp;Interlodge unverz\u00fcglich dar\u00fcber in Kenntnis zu setzen, wann und durch welcher Quelle er diese Informationen<span class=\"more-link\"><a href=\"https:\/\/interlodge.de\/en\/agb\">Read More &rarr;<\/a><\/span><\/p>\n","protected":false},"author":1,"featured_media":0,"parent":0,"menu_order":0,"comment_status":"closed","ping_status":"closed","template":"","meta":{"footnotes":""},"class_list":["entry","author-eckey","post-19","page","type-page","status-publish"],"translation":{"provider":"WPGlobus","version":"3.0.2","language":"en","enabled_languages":["de","en"],"languages":{"de":{"title":true,"content":true,"excerpt":false},"en":{"title":false,"content":false,"excerpt":false}}},"_links":{"self":[{"href":"https:\/\/interlodge.de\/en\/wp-json\/wp\/v2\/pages\/19","targetHints":{"allow":["GET"]}}],"collection":[{"href":"https:\/\/interlodge.de\/en\/wp-json\/wp\/v2\/pages"}],"about":[{"href":"https:\/\/interlodge.de\/en\/wp-json\/wp\/v2\/types\/page"}],"author":[{"embeddable":true,"href":"https:\/\/interlodge.de\/en\/wp-json\/wp\/v2\/users\/1"}],"replies":[{"embeddable":true,"href":"https:\/\/interlodge.de\/en\/wp-json\/wp\/v2\/comments?post=19"}],"version-history":[{"count":12,"href":"https:\/\/interlodge.de\/en\/wp-json\/wp\/v2\/pages\/19\/revisions"}],"predecessor-version":[{"id":701,"href":"https:\/\/interlodge.de\/en\/wp-json\/wp\/v2\/pages\/19\/revisions\/701"}],"wp:attachment":[{"href":"https:\/\/interlodge.de\/en\/wp-json\/wp\/v2\/media?parent=19"}],"curies":[{"name":"wp","href":"https:\/\/api.w.org\/{rel}","templated":true}]}}