{"id":285,"date":"2018-08-14T18:33:43","date_gmt":"2018-08-14T18:33:43","guid":{"rendered":"https:\/\/interlodge.de\/?page_id=285"},"modified":"2025-01-19T11:42:33","modified_gmt":"2025-01-19T10:42:33","slug":"agb-vermieter","status":"publish","type":"page","link":"https:\/\/interlodge.de\/en\/agb-vermieter","title":{"rendered":"AGB-Vermieter"},"content":{"rendered":"\n<p>Voraussetzung f\u00fcr die Vermarktung eines Wohnraumangebotes durch Interlodge Moritz Vennemann Immobilien &#8211; im folgenden &#8211;&nbsp;Inter<span style=\"color: #fd0300;\">lodge<\/span> ist die&nbsp;<strong>Registrierung<\/strong>&nbsp;des\/der WohnraumanbieterIn.<\/p>\n\n\n\n<p>Bitte drucken Sie sich das&nbsp;<a href=\"https:\/\/interlodge.de\/wp-content\/uploads\/2018\/08\/Registrierung.pdf\" target=\"_blank\" rel=\"noreferrer noopener\">Registrierungsformular<\/a>&nbsp;aus und senden es uns unterschrieben per Post, per E-Mail oder per Fax an:<\/p>\n\n\n\n<p><strong>Inter<span style=\"color: #fd0300;\">lodge<\/span> Moritz Vennemann Immobilien<\/strong><br>Rellinghauser Str. 165<br>45128 Essen<\/p>\n\n\n\n<p>info@interlodge.de<\/p>\n\n\n\n<p><a href=\"https:\/\/interlodge.de\/datenschutzerklaerung\" target=\"_blank\" rel=\"noreferrer noopener\">Datenschutzerkl\u00e4rung<\/a><br><strong><br><br>Allgemeine Gesch\u00e4ftsbedingungen f\u00fcr Wohnraumanbieter<\/strong><br>( Widerrufbelehrung [Fernabsatz] am Textende )<\/p>\n\n\n\n<p><strong>1. Zweck<br><\/strong><br>Mit der Registrierung kann der\/die WohnraumanbieterIn (nachfolgend WA genannt)&nbsp; seine\/ihre Wohnobjekte zur Vermarktung bei Inter<span style=\"color: #fd0300;\">lodge<\/span>&nbsp;anbieten. Der\/die WA berechtigt&nbsp;Inter<span style=\"color: #fd0300;\">lodge<\/span>&nbsp;zur&nbsp;Nutzung von&nbsp; Fotomaterial vom angebotenem Objekt f\u00fcr die Ver\u00f6ffentlichung.<br><br><strong>2. Umfang<br><\/strong><br>Diese Vereinbarung&nbsp;bezieht&nbsp;sich auf alle, nachweislich&nbsp;durch Inter<span style=\"color: #fd0300;\">lodge<\/span> f\u00fcr den WA&nbsp; vermittelten Mietverh\u00e4ltnisse.<\/p>\n\n\n\n<p><strong>3. Dauer\/K\u00fcndigung<br><\/strong><br>Der\/die WA&nbsp;kann einzelne oder alle Objekt\/e mit einer Frist von 14 Tagen&nbsp; wieder aus&nbsp; dem Angebot von&nbsp; Inter<span style=\"color: #fd0300;\">lodge<\/span>&nbsp;entfernen lassen.&nbsp;Inter<span style=\"color: #fd0300;\">lodge<\/span> kann die Zusammenarbeit&nbsp; mit&nbsp; dem WA ebenfalls mit&nbsp; einer Frist&nbsp; von 14 Tagen k\u00fcndigen. Die&nbsp;Abwicklung bereits laufender Verhandlungen bzw. vermittelter Mietverh\u00e4ltnisse bleiben hiervon unber\u00fchrt.<\/p>\n\n\n\n<p><strong>4. Keine&nbsp;<\/strong><strong>Exklusivit\u00e4t<br><\/strong><br>Der\/die WA&nbsp;beh\u00e4lt das Recht, sein\/ihr Mietobjekt&nbsp; gleichzeitig auch selbst oder&nbsp; \u00fcber weitere Agenturen anzubieten und zu vermieten.&nbsp;<br>Diese Registrierung stellt ausdr\u00fccklich keinen Alleinauftrag dar.<\/p>\n\n\n\n<p><strong>5. Rechte des WA<br><\/strong><br>Der\/die WA kann die von&nbsp;Interlodge\u00a9 vorgeschlagenen Mieter ohne Nennung von Gr\u00fcnden ablehnen.<br><br><strong>6. Informationspflicht<br><\/strong><br>Falls der\/die WA mit einem der vorgeschlagenen Mieter von&nbsp;Inter<span style=\"color: #fd0300;\">lodge<\/span> einen Mietvertrag vereinbart, so ist&nbsp;Inter<span style=\"color: #fd0300;\">lodge<\/span> hiervon unverz\u00fcglich zu informieren und eine Kopie des Mietvertrages zur Verf\u00fcgung zu stellen.&nbsp;<br>Sollte das Mietobjekt des\/der WA&nbsp; \u00fcber eine andere&nbsp; Quelle vermietet worden sein,&nbsp;so ist&nbsp;Inter<span style=\"color: #fd0300;\">lodge<\/span> ebenfalls unter Nennung des Mieters unverz\u00fcglich zu informieren damit&nbsp;Inter<span style=\"color: #fd0300;\">lodge<\/span> das Angebot aktualisieren&nbsp;bzw. aus dem Programm nehmen kann. &nbsp;<\/p>\n\n\n\n<p><strong>7. Haftung<br><\/strong><br>Inter<span style=\"color: #fd0300;\">lodge<\/span>&nbsp;tritt ausschlie\u00dflich als Nachweisende bzw.&nbsp;Vermittlerin auf. Inter<span style=\"color: #fd0300;\">lodge<\/span> \u00fcbernimmt f\u00fcr Sch\u00e4den, die im Zuge des Mietverh\u00e4ltnisses entstehen, keine Haftung.&nbsp;&nbsp;<\/p>\n\n\n\n<p><strong>8. Nachweis<br><br><\/strong>Sollte der vermittelte Mieter des\/der WA dasselbe Angebot von mehreren Agenturen erhalten haben, so gilt f\u00fcr die Vermittlung durch Inter<span style=\"color: #fd0300;\">lodge<\/span>&nbsp;der fr\u00fcheste&nbsp; Zeitpunkt&nbsp;der Bekanntgabe&nbsp;des Angebotes an&nbsp;den Mietinteressenten.<\/p>\n\n\n\n<p><strong>9. Quellenschutz<br><\/strong><br>Der\/die WA versichert&nbsp;Inter<span style=\"color: #fd0300;\">lodge<\/span> Quellenschutz. Der\/die WA verpflichtet&nbsp; sich,&nbsp; keine Gesch\u00e4fte \u00fcber Dritte gleichg\u00fcltig&nbsp;ob nat\u00fcrliche&nbsp;oder&nbsp;juristische&nbsp; Personen, mit&nbsp;oder \u00fcber den durch Inter<span style=\"color: #fd0300;\">lodge<\/span> bekannt&nbsp;gegebenen Mietinteressenten abzuwickeln. Dies gilt auch f\u00fcr Folgemietvertr\u00e4ge. Sollte ein Mietinteressent dem WA bereits bekannt&nbsp;sein, so&nbsp;ist&nbsp;dies&nbsp;Inter<span style=\"color: #fd0300;\">lodge<\/span> unter Nennung der Quelle unverz\u00fcglich mitzuteilen.<br><br><strong>10. Geb\u00fchren<br><\/strong><br>Bei Abschluss eines Mietvertrages mit einem&nbsp;von&nbsp; Inter<span style=\"color: #fd0300;\">lodge<\/span>&nbsp; vermittelten Mieter, verpflichtet sich der WA &nbsp;zur Zahlung&nbsp;von einer Geb\u00fchr in H\u00f6he von<\/p>\n\n\n\n<p><strong>&nbsp; &nbsp; &nbsp; &nbsp; &nbsp; &nbsp; &nbsp; &nbsp; &nbsp;15% inkl. MwSt. der Pauschalmiete&nbsp;pro Mietmonat<\/strong>.&nbsp;<\/p>\n\n\n\n<p>Die Zahlungspflicht gilt&nbsp; f\u00fcr die Dauer des Mietvertrages ( inklusive&nbsp; Verl\u00e4ngerungen bzw. Anschlussmietvertr\u00e4ge ), h\u00f6chstens jedoch 12 Monate insgesamt. Als Berechnungsgrundlage&nbsp;gilt&nbsp;die von Inter<span style=\"color: #fd0300;\">lodge<\/span> dem Mietinteressenten angebotene Pauschalmiete. Ausnahme: Unbefristete Mietvertr\u00e4ge werden mit 180% der Kaltmiete berechnet.<br>Mit Unterzeichnung des Mietvertrages gilt die Geb\u00fchr&nbsp; Inter<span style=\"color: #fd0300;\">lodge<\/span> als geschuldet.<\/p>\n\n\n\n<p><strong>11. Rechnung<br><br><\/strong>Der\/die WA&nbsp; erh\u00e4lt eine Gesamtrechnung \u00fcber&nbsp;die zu zahlenden Geb\u00fchren.&nbsp;<br>Als Zahlungsbeleg dient&nbsp;der&nbsp;\u00dcberweisungsvorgang.&nbsp;&nbsp;<\/p>\n\n\n\n<p><strong>12. Zahlungsweise<br><br><\/strong>Die monatliche Geb\u00fchr (15% inkl. MwSt. der Pauschalmiete ) ist ohne weitere Aufforderung jeweils bis sp\u00e4testens zum 10. des&nbsp; laufenden Monats an&nbsp;Inter<span style=\"color: #fd0300;\">lodge<\/span> zu zahlen.&nbsp;<\/p>\n\n\n\n<p><strong>13. Rabatt<\/strong><\/p>\n\n\n\n<p>Bei Zahlung der vollen Geb\u00fchr f\u00fcr die vertraglich vereinbarte Mietzeit von 2 Monaten und l\u00e4nger&nbsp; innerhalb von 14 Tagen&nbsp;nach Mietvertragsunterzeichnung&nbsp; gew\u00e4hrt&nbsp;Inter<span style=\"color: #fd0300;\">lodge<\/span> einen&nbsp;Nachlass&nbsp;in&nbsp;H\u00f6he von 15%. Effektiv werden dann&nbsp;<\/p>\n\n\n\n<p><strong>&nbsp; &nbsp; &nbsp; &nbsp; &nbsp; &nbsp; &nbsp; &nbsp; 12,75% inkl. MwSt. der Pauschalmiete pro Mietmonat<\/strong><\/p>\n\n\n\n<p>berechnet. Verl\u00e4ngerungen der Mietzeit oder Folgemietvertr\u00e4ge werden entsprechend nachberechnet.&nbsp;<br>Es werden insgesamt maximal die ersten 12 Mietmonate abgerechnet<br>.<br><strong>14. Salvatorische Klausel<br><br><\/strong>Sollte eine Bestimmung dieses Vertrages unwirksam sein, wird die Wirksamkeit der \u00fcbrigen Bestimmungen&nbsp;davon nicht&nbsp;ber\u00fchrt. Die Parteien&nbsp; verpflichten&nbsp;sich,&nbsp;anstelle der unwirksamen&nbsp;Bestimmung eine&nbsp;dieser&nbsp;<br>Bestimmung m\u00f6glichst nahekommende wirksame Regelung im Sinne dieser Vereinbarung zu treffen.<\/p>\n\n\n\n<p><strong>15. Gerichtsstand<br><br><\/strong>Gerichtsstand ist Essen sofern es sich bei dem Auftraggeber um einen Kaufmann, einer juristischen Person des \u00f6ffentlichen Rechts, ein \u00f6ffentlich-rechtliches Sonderverm\u00f6gen handelt oder&nbsp;der Auftraggeber keinen Wohnsitz in Deutschland unterh\u00e4lt.<br>F\u00fcr alle Vertragsangelegenheiten von und mit Interlodge ist das deutsche Recht anzuwenden.<\/p>\n\n\n\n<p>&nbsp;&nbsp;&nbsp; &nbsp;&nbsp;&nbsp; &nbsp;&nbsp;&nbsp; &nbsp;&nbsp;&nbsp; &nbsp;&nbsp;&nbsp;&nbsp; &nbsp;&nbsp;&nbsp; &nbsp;&nbsp;&nbsp; &nbsp;&nbsp;&nbsp; &nbsp;&nbsp;&nbsp; &nbsp;&nbsp;&nbsp; &nbsp;&nbsp;&nbsp; &nbsp;&nbsp;&nbsp; &nbsp;&nbsp;&nbsp; &nbsp;&nbsp;&nbsp; &nbsp;&nbsp;&nbsp; &nbsp;&nbsp;&nbsp; &nbsp;&nbsp;&nbsp; &nbsp;&nbsp;&nbsp; &nbsp;&nbsp;&nbsp; &nbsp;&nbsp;&nbsp;                                                      Essen, den 15.1. 2021<\/p>\n\n\n\n<p><\/p>\n\n\n\n<p><strong>Verbraucherinformation gem\u00e4\u00df Fernabsatzgesetz<br><br><\/strong>Diese Informationen dienen der Erf\u00fcllung von Informationspflichten aufgrund \u00a7 312 c BGB in Verbindung mit Artikel 246 \u00a7\u00a7 1 und 2 des Erf\u00fcllungsgesetzes zum B\u00fcrgerlichen Gesetzbuch (EGBGB), wenn die Beteiligung von Inter<span style=\"color: #fd0300;\">lodge<\/span> Moritz Vennemann Immobilien, Rellinghauser Str. 165, 45128 Essen,\u00a0 ausschlie\u00dflich unter Verwendung von Fernkommunikationsmitteln zustande kommt. Fernkommunikationsmittel und Kommunikationsmittel, die zur Anbahnung oder zum Abschluss eines Vertrages zwischen einem Verbraucher und einem Unternehmer ohne gleichzeitige k\u00f6rperliche Anwesenheit der Vertragsparteien eingesetzt werden k\u00f6nnen, insbesondere Briefe, Kataloge, Telefonanrufe, Telekopien, E &#8211; Mails sowie Rundfunk, Tele- oder Mediendienste.\u00a0<br><strong><br><br>Widerrufbelehrung (Fernabsatz)<br><\/strong><br><strong>1.1 Widerrufsrecht<\/strong><\/p>\n\n\n\n<p>Sie k\u00f6nnen Ihre Vertragserkl\u00e4rung innerhalb von 14 Tagen ohne Angabe von Gr\u00fcnden in Textform (z. B. Brief, Fax, E-Mail) widerrufen. Die Frist beginnt nach Erhalt dieser Belehrung in Textform, jedoch nicht vor Vertragsschluss und auch nicht vor Erf\u00fcllung unserer Informationspflichten gem\u00e4\u00df Artikel 246 \u00a7 2 in Verbindung mit \u00a7 1 Abs. 1 und 2 EGBGB sowie unserer Pflichten gem\u00e4\u00df \u00a7 312 e Abs. 1 Satz 1 BGB in Verbindung mit Artikel 246 \u00a7 3 EGBGB. Zur Wahrung der Widerrufsfrist gen\u00fcgt die rechtzeitige Absendung des Widerrufs. Der Widerruf ist zu richten an:<\/p>\n\n\n\n<p>Inter<span style=\"color: #fd0300;\">lodge<\/span> Moritz Vennemann Immobilien,&nbsp;<br>Rellinghauser Str. 165, 45128 Essen<br>Tel.: +49 (0)&nbsp;201 94 620 680<br>E-Mail: info@interlodge.de<\/p>\n\n\n\n<p><strong>1.2 Widerrufsfolgen<\/strong><\/p>\n\n\n\n<p>Im Falle eines wirksamen Widerrufs sind die beiderseits empfangenen Leistungen zur\u00fcck zu gew\u00e4hren und ggf. gezogene Nutzungen (z.B. Zinsen) herauszugeben. K\u00f6nnen Sie uns die empfangene Leistung ganz oder teilweise nicht oder nur in verschlechtertem Zustand zur\u00fcckgew\u00e4hren, m\u00fcssen Sie uns insoweit ggf. Wertersatz leisten. Dies kann dazu f\u00fchren, dass Sie die vertraglichen Zahlungsverpflichtungen f\u00fcr den Zeitraum bis zum Widerruf gleichwohl erf\u00fcllen m\u00fcssen. Verpflichtungen zur Erstattung von Zahlungen m\u00fcssen innerhalb von 30 Tagen erf\u00fcllt werden. Die Frist beginnt f\u00fcr Sie mit der Absendung Ihrer Widerrufserkl\u00e4rung, f\u00fcr uns mit deren Empfang.<\/p>\n\n\n\n<p><strong>1.3 Besondere Hinweise<\/strong><\/p>\n\n\n\n<p>Ihr Widerrufsrecht erlischt vorzeitig, wenn der Vertrag von beiden Seiten auf Ihren ausdr\u00fccklichen Wunsch vollst\u00e4ndig erf\u00fcllt ist, bevor Sie Ihr Widerrufsrecht ausge\u00fcbt haben.<\/p>\n\n\n\n<p>Ende der Widerrufsbelehrung.<br><\/p>\n\n\n\n<p>&nbsp; &nbsp; &nbsp; &nbsp; &nbsp; &nbsp; &nbsp; &nbsp; &nbsp; &nbsp; &nbsp; &nbsp; &nbsp; &nbsp; &nbsp; &nbsp; &nbsp; &nbsp; &nbsp; &nbsp; &nbsp; &nbsp; &nbsp; &nbsp; &nbsp; &nbsp; &nbsp; &nbsp; &nbsp;<br>&nbsp; &nbsp; &nbsp; &nbsp; &nbsp; &nbsp; &nbsp; &nbsp; &nbsp; &nbsp; &nbsp; &nbsp; &nbsp; &nbsp; &nbsp; &nbsp; &nbsp; &nbsp; &nbsp; &nbsp; &nbsp; &nbsp; &nbsp; &nbsp; &nbsp; &nbsp; &nbsp; &nbsp; &nbsp;&nbsp; &nbsp; &nbsp; &nbsp; &nbsp; &nbsp; &nbsp; &nbsp; &nbsp;&nbsp;Essen, den 15.1.2021<\/p>\n","protected":false},"excerpt":{"rendered":"<p>Voraussetzung f\u00fcr die Vermarktung eines Wohnraumangebotes durch Interlodge Moritz Vennemann Immobilien &#8211; im folgenden &#8211;&nbsp;Interlodge ist die&nbsp;Registrierung&nbsp;des\/der WohnraumanbieterIn. Bitte drucken Sie sich das&nbsp;Registrierungsformular&nbsp;aus und senden es uns unterschrieben per Post, per E-Mail oder per Fax an: Interlodge Moritz Vennemann ImmobilienRellinghauser Str. 16545128 Essen info@interlodge.de Datenschutzerkl\u00e4rung Allgemeine Gesch\u00e4ftsbedingungen f\u00fcr Wohnraumanbieter( Widerrufbelehrung [Fernabsatz] am Textende ) 1. ZweckMit der Registrierung kann der\/die WohnraumanbieterIn (nachfolgend WA genannt)&nbsp; seine\/ihre Wohnobjekte zur Vermarktung bei Interlodge&nbsp;anbieten. Der\/die WA berechtigt&nbsp;Interlodge&nbsp;zur&nbsp;Nutzung von&nbsp; Fotomaterial vom angebotenem Objekt f\u00fcr die Ver\u00f6ffentlichung. 2. UmfangDiese Vereinbarung&nbsp;bezieht&nbsp;sich auf alle, nachweislich&nbsp;durch Interlodge f\u00fcr den WA&nbsp; vermittelten Mietverh\u00e4ltnisse. 3. Dauer\/K\u00fcndigungDer\/die WA&nbsp;kann einzelne oder alle Objekt\/e mit einer Frist von 14<span class=\"more-link\"><a href=\"https:\/\/interlodge.de\/en\/agb-vermieter\">Read More &rarr;<\/a><\/span><\/p>\n","protected":false},"author":1,"featured_media":0,"parent":0,"menu_order":0,"comment_status":"closed","ping_status":"closed","template":"","meta":{"footnotes":""},"class_list":["entry","author-eckey","post-285","page","type-page","status-publish"],"translation":{"provider":"WPGlobus","version":"3.0.2","language":"en","enabled_languages":["de","en"],"languages":{"de":{"title":true,"content":true,"excerpt":false},"en":{"title":false,"content":false,"excerpt":false}}},"_links":{"self":[{"href":"https:\/\/interlodge.de\/en\/wp-json\/wp\/v2\/pages\/285","targetHints":{"allow":["GET"]}}],"collection":[{"href":"https:\/\/interlodge.de\/en\/wp-json\/wp\/v2\/pages"}],"about":[{"href":"https:\/\/interlodge.de\/en\/wp-json\/wp\/v2\/types\/page"}],"author":[{"embeddable":true,"href":"https:\/\/interlodge.de\/en\/wp-json\/wp\/v2\/users\/1"}],"replies":[{"embeddable":true,"href":"https:\/\/interlodge.de\/en\/wp-json\/wp\/v2\/comments?post=285"}],"version-history":[{"count":9,"href":"https:\/\/interlodge.de\/en\/wp-json\/wp\/v2\/pages\/285\/revisions"}],"predecessor-version":[{"id":702,"href":"https:\/\/interlodge.de\/en\/wp-json\/wp\/v2\/pages\/285\/revisions\/702"}],"wp:attachment":[{"href":"https:\/\/interlodge.de\/en\/wp-json\/wp\/v2\/media?parent=285"}],"curies":[{"name":"wp","href":"https:\/\/api.w.org\/{rel}","templated":true}]}}