{"id":30,"date":"2018-08-07T12:30:50","date_gmt":"2018-08-07T12:30:50","guid":{"rendered":"https:\/\/interlodge.de\/?page_id=30"},"modified":"2021-01-12T15:48:50","modified_gmt":"2021-01-12T14:48:50","slug":"wohnung-eingeben","status":"publish","type":"page","link":"https:\/\/interlodge.de\/en\/wohnung-eingeben","title":{"rendered":"Wohnung eingeben"},"content":{"rendered":"\n<p>Voraussetzung f\u00fcr die Vermarktung eines Wohnraumangebotes durch Inter<span style=\"color: #fd0300;\">lodge<\/span> ist die<br><a rel=\"noreferrer noopener\" href=\"https:\/\/interlodge.de\/wp-content\/uploads\/2018\/08\/Registrierung.pdf\" target=\"_blank\">Registrierung<\/a>\u00a0\u00a0des\/der WohnraumanbieterIn.<\/p>\n\n\n\n<p><\/p>\n\n\n\n<p><strong>Wohnraum online anbieten<br><\/strong><br>Inter<span style=\"color:#fd0300;\">lodge<\/span> bietet Anbietern von m\u00f6blierten Wohnraum eine sorgf\u00e4ltige und gezielte Auswahl\u00a0<br>an Interessenten.<\/p>\n\n\n\n<p>Die Mieter von\u00a0\u00a0Inter<span style=\"color:#fd0300;\">lodge<\/span>\u00a0haben einen Erstwohnsitz\u00a0 und einen berufsbedingten\u00a0oder\u00a0anderen\u00a0<br>nachvollziehbaren, zeitlich begrenzten Aufenthaltsgrund\u00a0und\u00a0sie\u00a0haben die entsprechende Bonit\u00e4t.\u00a0<br>Inter<span style=\"color:#fd0300;\">lodge<\/span> vermittelt\u00a0nur Zweitwohnungen zum vor\u00fcbergehenden Gebrauch!<\/p>\n\n\n\n<p>Wenn Sie Wohnraum anbieten m\u00f6chten, f\u00fcllen Sie bitte nachfolgendes Formular&nbsp;vollst\u00e4ndig aus.<\/p>\n\n\n\n<p>In dem Freittextfeld k\u00f6nnen Sie Ihren Wohnraum zus\u00e4tzlich individuell beschreiben.<br>Falls Sie bereits Bilder von Ihrem Mietobjekt angefertigt haben, senden Sie uns diese bitte an info@interlodge.de<br><\/p>\n\n\n\n<p>Wir legen besonderen Wert auf pers\u00f6nlichen Kontakt und beraten Sie auch gerne telefonisch.Unsere&nbsp;<a href=\"https:\/\/interlodge.info\/anbieterservice.html\" target=\"_blank\" rel=\"noreferrer noopener\">Serviceleistungen<\/a><\/p>\n\n\n\n<p>Wir verwenden Ihre Daten alleine zum Zwecke der Wohnraumvermittlung:&nbsp;<a href=\"https:\/\/interlodge.de\/datenschutzerklaerung\">Datenschutzerkl\u00e4rung nach &nbsp;<\/a><a href=\"https:\/\/interlodge.de\/datenschutzerklaerung\">EU-Datenschutzgrundverordnung (DSGVO)<\/a>.<\/p>\n\n\n\n<p><strong>Achtung:&nbsp; Alle mit einem&nbsp;*&nbsp;gekennzeichneten Felder sind Pflichtfelder und m\u00fcssen ausgef\u00fcllt sein,&nbsp;<br>andernfalls&nbsp;<\/strong><strong>l\u00e4\u00dft sich dieses Formular nicht absenden!<\/strong><\/p>\n\n\n\n<figure><iframe loading=\"lazy\" src=\"https:\/\/smartsite2.myonoffice.de\/kunden\/germanlodge\/1\/anbieterformular.xhtml\" width=\"595\" height=\"600\"><\/iframe><\/figure>\n","protected":false},"excerpt":{"rendered":"<p>Voraussetzung f\u00fcr die Vermarktung eines Wohnraumangebotes durch Interlodge ist dieRegistrierung\u00a0\u00a0des\/der WohnraumanbieterIn. Wohnraum online anbietenInterlodge bietet Anbietern von m\u00f6blierten Wohnraum eine sorgf\u00e4ltige und gezielte Auswahl\u00a0an Interessenten. Die Mieter von\u00a0\u00a0Interlodge\u00a0haben einen Erstwohnsitz\u00a0 und einen berufsbedingten\u00a0oder\u00a0anderen\u00a0nachvollziehbaren, zeitlich begrenzten Aufenthaltsgrund\u00a0und\u00a0sie\u00a0haben die entsprechende Bonit\u00e4t.\u00a0Interlodge vermittelt\u00a0nur Zweitwohnungen zum vor\u00fcbergehenden Gebrauch! Wenn Sie Wohnraum anbieten m\u00f6chten, f\u00fcllen Sie bitte nachfolgendes Formular&nbsp;vollst\u00e4ndig aus. In dem Freittextfeld k\u00f6nnen Sie Ihren Wohnraum zus\u00e4tzlich individuell beschreiben.Falls Sie bereits Bilder von Ihrem Mietobjekt angefertigt haben, senden Sie uns diese bitte an info@interlodge.de Wir legen besonderen Wert auf pers\u00f6nlichen Kontakt und beraten Sie auch gerne telefonisch.Unsere&nbsp;Serviceleistungen Wir verwenden Ihre Daten alleine zum Zwecke der Wohnraumvermittlung:&nbsp;Datenschutzerkl\u00e4rung nach &nbsp;EU-Datenschutzgrundverordnung (DSGVO).<span class=\"more-link\"><a href=\"https:\/\/interlodge.de\/en\/wohnung-eingeben\">Read More &rarr;<\/a><\/span><\/p>\n","protected":false},"author":1,"featured_media":134,"parent":0,"menu_order":0,"comment_status":"closed","ping_status":"closed","template":"","meta":{"footnotes":""},"class_list":["entry","author-eckey","post-30","page","type-page","status-publish","has-post-thumbnail"],"translation":{"provider":"WPGlobus","version":"3.0.2","language":"en","enabled_languages":["de","en"],"languages":{"de":{"title":true,"content":true,"excerpt":false},"en":{"title":false,"content":false,"excerpt":false}}},"_links":{"self":[{"href":"https:\/\/interlodge.de\/en\/wp-json\/wp\/v2\/pages\/30","targetHints":{"allow":["GET"]}}],"collection":[{"href":"https:\/\/interlodge.de\/en\/wp-json\/wp\/v2\/pages"}],"about":[{"href":"https:\/\/interlodge.de\/en\/wp-json\/wp\/v2\/types\/page"}],"author":[{"embeddable":true,"href":"https:\/\/interlodge.de\/en\/wp-json\/wp\/v2\/users\/1"}],"replies":[{"embeddable":true,"href":"https:\/\/interlodge.de\/en\/wp-json\/wp\/v2\/comments?post=30"}],"version-history":[{"count":14,"href":"https:\/\/interlodge.de\/en\/wp-json\/wp\/v2\/pages\/30\/revisions"}],"predecessor-version":[{"id":575,"href":"https:\/\/interlodge.de\/en\/wp-json\/wp\/v2\/pages\/30\/revisions\/575"}],"wp:featuredmedia":[{"embeddable":true,"href":"https:\/\/interlodge.de\/en\/wp-json\/wp\/v2\/media\/134"}],"wp:attachment":[{"href":"https:\/\/interlodge.de\/en\/wp-json\/wp\/v2\/media?parent=30"}],"curies":[{"name":"wp","href":"https:\/\/api.w.org\/{rel}","templated":true}]}}