{"id":601,"date":"2022-06-17T16:08:53","date_gmt":"2022-06-17T14:08:53","guid":{"rendered":"https:\/\/interlodge.de\/?page_id=601"},"modified":"2022-06-21T12:01:11","modified_gmt":"2022-06-21T10:01:11","slug":"auftrag-privat","status":"publish","type":"page","link":"https:\/\/interlodge.de\/en\/auftrag-privat","title":{"rendered":"Auftrag Privat"},"content":{"rendered":"\n\n\n<p><strong>Suchanfrage online<\/strong><br> <br><strong>F\u00fcr Wohnraumsuchende entstehen bei Erf\u00fcllung dieses Auftrages durch Interlodge keine Kosten! <\/strong> <br><br>Teilen Sie uns hier Ihre W\u00fcnsche f\u00fcr die gesuchte m\u00f6blierte Zeitwohnung mit. Wir w\u00e4hlen in unserer Datenbank die f\u00fcr Sie passenden Objekte aus und mailen Ihnen diese zu.<br><br>Bitte unbedingt eine g\u00fcltige E-Mail-Adresse eingeben!<\/p>\n\n\n\n<p>Die Suchkriterien bitte ebenfalls vollst\u00e4ndig ausf\u00fcllen, vielen Dank. <br><\/p>\n\n\n<div class=\"frm_forms  with_frm_style frm_style_formidable-style\" id=\"frm_form_2_container\" data-token=\"9104e9c5c5c4e39efe7352ef0d62d2d9\">\n<form enctype=\"multipart\/form-data\" method=\"post\" class=\"frm-show-form \" id=\"form_auftrag-privat\" data-token=\"9104e9c5c5c4e39efe7352ef0d62d2d9\">\n<div class=\"frm_form_fields \">\n<fieldset>\n<legend class=\"frm_screen_reader\">Auftrag privat<\/legend>\r\n<h3 class=\"frm_form_title\">Auftrag privat<\/h3>\r\n<div class=\"frm_fields_container\">\n<input type=\"hidden\" name=\"frm_action\" value=\"create\" \/>\n<input type=\"hidden\" name=\"form_id\" value=\"2\" \/>\n<input type=\"hidden\" name=\"frm_hide_fields_2\" id=\"frm_hide_fields_2\" value=\"\" \/>\n<input type=\"hidden\" name=\"form_key\" value=\"auftrag-privat\" \/>\n<input type=\"hidden\" name=\"item_meta[0]\" value=\"\" \/>\n<input type=\"hidden\" id=\"frm_submit_entry_2\" name=\"frm_submit_entry_2\" value=\"41c8c55d2b\" \/><input type=\"hidden\" name=\"_wp_http_referer\" value=\"\/en\/wp-json\/wp\/v2\/pages\/601\" \/><div id=\"frm_field_9_container\" class=\"frm_form_field form-field  frm_top_container\">\r\n    <div  id=\"field_vmx47_label\" class=\"frm_primary_label\">Name\r\n        <span class=\"frm_required\" aria-hidden=\"true\"><\/span>\r\n    <\/div>\r\n    <fieldset aria-labelledby=\"field_vmx47_label\">\n\t<legend class=\"frm_screen_reader frm_hidden\">\n\t\tName\t<\/legend>\n\n\t<div  class=\"frm_combo_inputs_container\" id=\"frm_combo_inputs_container_9\" data-name-layout=\"first_last\">\n\t\t\t\t\t<div\n\t\t\t\tid=\"frm_field_9-first_container\"\n\t\t\t\tclass=\"frm_form_field form-field frm_form_subfield-first  frm6\"\n\t\t\t\tdata-sub-field-name=\"first\"\n\t\t\t>\n\t\t\t\t<label for=\"field_vmx47_first\" class=\"frm_screen_reader frm_hidden\">\n\t\t\t\t\tVorname (First Name)\t\t\t\t<\/label>\n\n\t\t\t\t<input  type=\"text\" id=\"field_vmx47_first\" value=\"\" name=\"item_meta[9][first]\" autocomplete=\"given-name\" data-invmsg=\"Name is invalid\" aria-invalid=\"false\"  \/><div class=\"frm_description\" id=\"frm_field_9_first_desc\">Vorname (First Name)<\/div>\t\t\t<\/div>\n\t\t\t\t\t\t<div\n\t\t\t\tid=\"frm_field_9-last_container\"\n\t\t\t\tclass=\"frm_form_field form-field frm_form_subfield-last  frm6\"\n\t\t\t\tdata-sub-field-name=\"last\"\n\t\t\t>\n\t\t\t\t<label for=\"field_vmx47_last\" class=\"frm_screen_reader frm_hidden\">\n\t\t\t\t\tNachname (Last Name)\t\t\t\t<\/label>\n\n\t\t\t\t<input  type=\"text\" id=\"field_vmx47_last\" value=\"\" name=\"item_meta[9][last]\" autocomplete=\"family-name\" data-invmsg=\"Name is invalid\" aria-invalid=\"false\"  \/><div class=\"frm_description\" id=\"frm_field_9_last_desc\">Nachname (Last Name)<\/div>\t\t\t<\/div>\n\t\t\t\t<\/div>\n<\/fieldset>\n\r\n    \r\n    \r\n<\/div>\n<div id=\"frm_field_36_container\" class=\"frm_form_field form-field  frm_required_field frm_top_container frm6 frm_first\">\r\n    <label for=\"field_yt2yi\" id=\"field_yt2yi_label\" class=\"frm_primary_label\">E-Mail\r\n        <span class=\"frm_required\" aria-hidden=\"true\">*<\/span>\r\n    <\/label>\r\n    <input type=\"email\" id=\"field_yt2yi\" name=\"item_meta[36]\" value=\"\"  data-reqmsg=\"Dieses Feld darf nicht leer sein.\" aria-required=\"true\" data-invmsg=\"E-Mail ist ung\u00fcltig\" aria-invalid=\"false\"  \/>\r\n    \r\n    \r\n<\/div>\n<div id=\"frm_field_37_container\" class=\"frm_form_field form-field  frm_required_field frm_top_container frm6\">\r\n    <label for=\"field_bdx7s\" id=\"field_bdx7s_label\" class=\"frm_primary_label\">Telefon\r\n        <span class=\"frm_required\" aria-hidden=\"true\">*<\/span>\r\n    <\/label>\r\n    <input type=\"tel\" id=\"field_bdx7s\" name=\"item_meta[37]\" value=\"\"  data-reqmsg=\"Dieses Feld darf nicht leer sein.\" aria-required=\"true\" data-invmsg=\"Telefon ist ung\u00fcltig\" aria-invalid=\"false\" pattern=\"((\\+\\d{1,3}(-|.| )?\\(?\\d\\)?(-| |.)?\\d{1,5})|(\\(?\\d{2,6}\\)?))(-|.| )?(\\d{3,4})(-|.| )?(\\d{4})(( x| ext)\\d{1,5}){0,1}$\"  \/>\r\n    \r\n    \r\n<\/div>\n<div id=\"frm_field_6_container\" class=\"frm_form_field form-field  frm_top_container frm6 frm_first\">\r\n    <label for=\"field_dle7o\" id=\"field_dle7o_label\" class=\"frm_primary_label\">Strasse \/ Hausnummer (Current Adress)\r\n        <span class=\"frm_required\" aria-hidden=\"true\"><\/span>\r\n    <\/label>\r\n    <input type=\"text\" id=\"field_dle7o\" name=\"item_meta[6]\" value=\"\"  data-invmsg=\"Text ist ung\u00fcltig\" aria-invalid=\"false\"  \/>\r\n    \r\n    \r\n<\/div>\n<div id=\"frm_field_8_container\" class=\"frm_form_field form-field  frm_top_container frm6\">\r\n    <label for=\"field_pu274\" id=\"field_pu274_label\" class=\"frm_primary_label\">PLZ \/ Ort (ZIP\/postal code - City)\r\n        <span class=\"frm_required\" aria-hidden=\"true\"><\/span>\r\n    <\/label>\r\n    <input type=\"text\" id=\"field_pu274\" name=\"item_meta[8]\" value=\"\"  data-invmsg=\"Text ist ung\u00fcltig\" aria-invalid=\"false\"  \/>\r\n    \r\n    \r\n<\/div>\n<div id=\"frm_field_13_container\" class=\"frm_form_field form-field  frm_top_container frm6 frm_first vertical_radio\">\r\n    <div  id=\"field_8azlw_label\" class=\"frm_primary_label\">\r\n        <span class=\"frm_required\" aria-hidden=\"true\"><\/span>\r\n    <\/div>\r\n    <div class=\"frm_opt_container\" aria-labelledby=\"field_8azlw_label\" role=\"group\">\t\t<div class=\"frm_checkbox\" id=\"frm_checkbox_13-0\">\t\t\t<label  for=\"field_8azlw-0\">\n\t\t\t<input type=\"checkbox\" name=\"item_meta[13][]\" id=\"field_8azlw-0\" value=\"Suche f\u00fcr mich (search for me)\"  data-invmsg=\"This field is invalid\"   \/> Suche f\u00fcr mich (search for me)<\/label><\/div>\n<\/div>\r\n    \r\n    \r\n<\/div>\n<div id=\"frm_field_7_container\" class=\"frm_form_field form-field  frm_top_container frm6\">\r\n    <label for=\"field_1x64q\" id=\"field_1x64q_label\" class=\"frm_primary_label\">Suche stellvertretend f\u00fcr (search representative for):\r\n        <span class=\"frm_required\" aria-hidden=\"true\"><\/span>\r\n    <\/label>\r\n    <input type=\"text\" id=\"field_1x64q\" name=\"item_meta[7]\" value=\"\"  data-invmsg=\"Text ist ung\u00fcltig\" aria-invalid=\"false\"  \/>\r\n    \r\n    \r\n<\/div>\n<div id=\"frm_field_12_container\" class=\"frm_form_field form-field  frm_top_container frm6 frm_first\">\r\n    <label for=\"field_3p12v\" id=\"field_3p12v_label\" class=\"frm_primary_label\">Beruf\/Position (job \/ position)\r\n        <span class=\"frm_required\" aria-hidden=\"true\"><\/span>\r\n    <\/label>\r\n    <input type=\"text\" id=\"field_3p12v\" name=\"item_meta[12]\" value=\"\"  data-invmsg=\"Text ist ung\u00fcltig\" aria-invalid=\"false\"  \/>\r\n    \r\n    \r\n<\/div>\n<div id=\"frm_field_15_container\" class=\"frm_form_field form-field  frm_top_container frm6\">\r\n    <label for=\"field_bkh4z\" id=\"field_bkh4z_label\" class=\"frm_primary_label\">Arbeitgeber\/Institution (employer)\r\n        <span class=\"frm_required\" aria-hidden=\"true\"><\/span>\r\n    <\/label>\r\n    <input type=\"text\" id=\"field_bkh4z\" name=\"item_meta[15]\" value=\"\"  data-invmsg=\"Text ist ung\u00fcltig\" aria-invalid=\"false\"  \/>\r\n    \r\n    \r\n<\/div>\n<div id=\"frm_field_16_container\" class=\"frm_form_field form-field  frm_top_container frm6 frm_first\">\r\n    <label for=\"field_k5hqm\" id=\"field_k5hqm_label\" class=\"frm_primary_label\">Geburtsdatum (Date of Birth)\r\n        <span class=\"frm_required\" aria-hidden=\"true\"><\/span>\r\n    <\/label>\r\n    <input type=\"text\" id=\"field_k5hqm\" name=\"item_meta[16]\" value=\"\"  data-invmsg=\"Text ist ung\u00fcltig\" aria-invalid=\"false\"  \/>\r\n    \r\n    \r\n<\/div>\n<div id=\"frm_field_14_container\" class=\"frm_form_field form-field  frm_top_container frm6\">\r\n    <label for=\"field_219jt\" id=\"field_219jt_label\" class=\"frm_primary_label\"> Geburtsort (Place of Birth)\r\n        <span class=\"frm_required\" aria-hidden=\"true\"><\/span>\r\n    <\/label>\r\n    <input type=\"text\" id=\"field_219jt\" name=\"item_meta[14]\" value=\"\"  data-invmsg=\"Text ist ung\u00fcltig\" aria-invalid=\"false\"  \/>\r\n    \r\n    \r\n<\/div>\n<div id=\"frm_field_17_container\" class=\"frm_form_field form-field  frm_top_container frm12 frm_first\">\r\n    <label for=\"field_rzpao\" id=\"field_rzpao_label\" class=\"frm_primary_label\">Staatsangeh\u00f6rigkeit (nationality)\r\n        <span class=\"frm_required\" aria-hidden=\"true\"><\/span>\r\n    <\/label>\r\n    <input type=\"text\" id=\"field_rzpao\" name=\"item_meta[17]\" value=\"\"  data-invmsg=\"Text ist ung\u00fcltig\" aria-invalid=\"false\"  \/>\r\n    \r\n    \r\n<\/div>\n<div id=\"frm_field_18_container\" class=\"frm_form_field  frm12 frm_first frm_html_container form-field\">\n<h2>Gesuchtes Objekt (search criteria)<\/h2>\n<hr>\n<\/div>\n<div id=\"frm_field_19_container\" class=\"frm_form_field form-field  frm_top_container vertical_radio\">\r\n    <div  id=\"field_gqrut_label\" class=\"frm_primary_label\">\r\n        <span class=\"frm_required\" aria-hidden=\"true\"><\/span>\r\n    <\/div>\r\n    <div class=\"frm_opt_container\" aria-labelledby=\"field_gqrut_label\" role=\"group\">\t\t<div class=\"frm_checkbox\" id=\"frm_checkbox_19-0\">\t\t\t<label  for=\"field_gqrut-0\">\n\t\t\t<input type=\"checkbox\" name=\"item_meta[19][]\" id=\"field_gqrut-0\" value=\"Apartment (studio) - 1 Zimmer, Kochnische oder separate K\u00fcche, Bad\"  data-invmsg=\"This field is invalid\"   \/> Apartment (studio) - 1 Zimmer, Kochnische oder separate K\u00fcche, Bad<\/label><\/div>\n<\/div>\r\n    \r\n    \r\n<\/div>\n<div id=\"frm_field_20_container\" class=\"frm_form_field form-field  frm_top_container frm6 frm_first\">\r\n    <label for=\"field_gvbmw\" id=\"field_gvbmw_label\" class=\"frm_primary_label\">Wohnung - Anzahl der Schlafzimmer - (number of bedrooms)\r\n        <span class=\"frm_required\" aria-hidden=\"true\"><\/span>\r\n    <\/label>\r\n    <input type=\"number\" id=\"field_gvbmw\" name=\"item_meta[20]\" value=\"\"  data-invmsg=\"Zahl ist ung\u00fcltig\" aria-invalid=\"false\"   min=\"0\" max=\"9999999\" step=\"any\"\/>\r\n    \r\n    \r\n<\/div>\n<div id=\"frm_field_21_container\" class=\"frm_form_field form-field  frm_top_container frm6\">\r\n    <label for=\"field_4wrol\" id=\"field_4wrol_label\" class=\"frm_primary_label\">Anzahl der Personen (Number of people)\r\n        <span class=\"frm_required\" aria-hidden=\"true\"><\/span>\r\n    <\/label>\r\n    <input type=\"number\" id=\"field_4wrol\" name=\"item_meta[21]\" value=\"\"  data-invmsg=\"Zahl ist ung\u00fcltig\" aria-invalid=\"false\"   min=\"0\" max=\"9999999\" step=\"any\"\/>\r\n    \r\n    \r\n<\/div>\n<div id=\"frm_field_22_container\" class=\"frm_form_field form-field  frm_top_container frm6 frm_first\">\r\n    <label for=\"field_7y9vn\" id=\"field_7y9vn_label\" class=\"frm_primary_label\">Davon Kinder unter 10 Jahre (children under 10)\r\n        <span class=\"frm_required\" aria-hidden=\"true\"><\/span>\r\n    <\/label>\r\n    <input type=\"number\" id=\"field_7y9vn\" name=\"item_meta[22]\" value=\"\"  data-invmsg=\"Zahl ist ung\u00fcltig\" aria-invalid=\"false\"   min=\"0\" max=\"9999999\" step=\"any\"\/>\r\n    \r\n    \r\n<\/div>\n<div id=\"frm_field_24_container\" class=\"frm_form_field form-field  frm_top_container frm6\">\r\n    <label for=\"field_vhe0m\" id=\"field_vhe0m_label\" class=\"frm_primary_label\"> Gew\u00fcnschte Stadt (desired City)\r\n        <span class=\"frm_required\" aria-hidden=\"true\"><\/span>\r\n    <\/label>\r\n    <input type=\"text\" id=\"field_vhe0m\" name=\"item_meta[24]\" value=\"\"  data-invmsg=\"Text ist ung\u00fcltig\" aria-invalid=\"false\"  \/>\r\n    \r\n    \r\n<\/div>\n<div id=\"frm_field_25_container\" class=\"frm_form_field form-field  frm_top_container frm12 frm_first\">\r\n    <label for=\"field_sgzss\" id=\"field_sgzss_label\" class=\"frm_primary_label\">Bevorzugte\/r Stadtteil\/e (desired area)\r\n        <span class=\"frm_required\" aria-hidden=\"true\"><\/span>\r\n    <\/label>\r\n    <input type=\"text\" id=\"field_sgzss\" name=\"item_meta[25]\" value=\"\"  data-invmsg=\"Text ist ung\u00fcltig\" aria-invalid=\"false\"  \/>\r\n    \r\n    \r\n<\/div>\n<div id=\"frm_field_26_container\" class=\"frm_form_field form-field  frm_top_container frm6 frm_first\">\r\n    <label for=\"field_pxefr\" id=\"field_pxefr_label\" class=\"frm_primary_label\"> Mietzeit von (desired move in date)\r\n        <span class=\"frm_required\" aria-hidden=\"true\"><\/span>\r\n    <\/label>\r\n    <input type=\"text\" id=\"field_pxefr\" name=\"item_meta[26]\" value=\"\"  data-invmsg=\"Text ist ung\u00fcltig\" aria-invalid=\"false\"  \/>\r\n    \r\n    \r\n<\/div>\n<div id=\"frm_field_27_container\" class=\"frm_form_field form-field  frm_top_container frm6\">\r\n    <label for=\"field_8q2wl\" id=\"field_8q2wl_label\" class=\"frm_primary_label\">Mietzeit bis ca. (desired lenght of stay)\r\n        <span class=\"frm_required\" aria-hidden=\"true\"><\/span>\r\n    <\/label>\r\n    <input type=\"text\" id=\"field_8q2wl\" name=\"item_meta[27]\" value=\"\"  data-invmsg=\"Text ist ung\u00fcltig\" aria-invalid=\"false\"  \/>\r\n    \r\n    \r\n<\/div>\n<div id=\"frm_field_28_container\" class=\"frm_form_field form-field  frm_top_container frm6 frm_first\">\r\n    <label for=\"field_a901s\" id=\"field_a901s_label\" class=\"frm_primary_label\">Max. Warmmiete (maximum rent) in Euro\r\n        <span class=\"frm_required\" aria-hidden=\"true\"><\/span>\r\n    <\/label>\r\n    <input type=\"number\" id=\"field_a901s\" name=\"item_meta[28]\" value=\"\"  data-invmsg=\"Zahl ist ung\u00fcltig\" aria-invalid=\"false\"   min=\"0\" max=\"9999999\" step=\"any\"\/>\r\n    \r\n    \r\n<\/div>\n<div id=\"frm_field_29_container\" class=\"frm_form_field form-field  frm_top_container frm6 vertical_radio\">\r\n    <div  id=\"field_ol08t_label\" class=\"frm_primary_label\">\r\n        <span class=\"frm_required\" aria-hidden=\"true\"><\/span>\r\n    <\/div>\r\n    <div class=\"frm_opt_container\" aria-labelledby=\"field_ol08t_label\" role=\"group\">\t\t<div class=\"frm_checkbox\" id=\"frm_checkbox_29-0\">\t\t\t<label  for=\"field_ol08t-0\">\n\t\t\t<input type=\"checkbox\" name=\"item_meta[29][]\" id=\"field_ol08t-0\" value=\"Verl\u00e4ngerungsoption\"  data-invmsg=\"This field is invalid\"   \/> Verl\u00e4ngerungsoption<\/label><\/div>\n<\/div>\r\n    \r\n    \r\n<\/div>\n<div id=\"frm_field_38_container\" class=\"frm_form_field form-field  frm_top_container\">\r\n    <label for=\"field_hdgjn\" id=\"field_hdgjn_label\" class=\"frm_primary_label\">Gew\u00fcnschtes Objekt - Referenznummer (desired Apartment - ID Number)\r\n        <span class=\"frm_required\" aria-hidden=\"true\"><\/span>\r\n    <\/label>\r\n    <input type=\"text\" id=\"field_hdgjn\" name=\"item_meta[38]\" value=\"\"  data-invmsg=\"Text ist ung\u00fcltig\" aria-invalid=\"false\"  \/>\r\n    \r\n    \r\n<\/div>\n<div id=\"frm_field_31_container\" class=\"frm_form_field  frm6 frm_first frm_html_container form-field\"><a class=\"red\" href=\"https:\/\/interlodge.de\/agb\" target=\"_blank\">AGB\/Widerrufbelehrung<\/a><\/div>\n<div id=\"frm_field_32_container\" class=\"frm_form_field form-field  frm_required_field frm_top_container frm6 vertical_radio\">\r\n    <div  id=\"field_fx6vb_label\" class=\"frm_primary_label\">\r\n        <span class=\"frm_required\" aria-hidden=\"true\">*<\/span>\r\n    <\/div>\r\n    <div class=\"frm_opt_container\" aria-labelledby=\"field_fx6vb_label\" role=\"group\">\t\t<div class=\"frm_checkbox\" id=\"frm_checkbox_32-0\">\t\t\t<label  for=\"field_fx6vb-0\">\n\t\t\t<input type=\"checkbox\" name=\"item_meta[32][]\" id=\"field_fx6vb-0\" value=\"AGB\/Widerrufbelehrung gelesen und akzeptiert\"  data-reqmsg=\"Dieses Feld darf nicht leer sein.\" data-invmsg=\"This field is invalid\"   aria-required=\"true\"  \/> AGB\/Widerrufbelehrung gelesen und akzeptiert<\/label><\/div>\n<\/div>\r\n    \r\n    \r\n<\/div>\n<div id=\"frm_field_34_container\" class=\"frm_form_field  frm6 frm_first frm_html_container form-field\"><a class=\"red\" href=\"https:\/\/interlodge.de\/datenschutzerklaerung\" target=\"_blank\">Datenschutzerkl\u00e4rung<\/a><\/div>\n<div id=\"frm_field_33_container\" class=\"frm_form_field form-field  frm_required_field frm_top_container frm6 vertical_radio\">\r\n    <div  id=\"field_gho9z_label\" class=\"frm_primary_label\">\r\n        <span class=\"frm_required\" aria-hidden=\"true\">*<\/span>\r\n    <\/div>\r\n    <div class=\"frm_opt_container\" aria-labelledby=\"field_gho9z_label\" role=\"group\">\t\t<div class=\"frm_checkbox\" id=\"frm_checkbox_33-0\">\t\t\t<label  for=\"field_gho9z-0\">\n\t\t\t<input type=\"checkbox\" name=\"item_meta[33][]\" id=\"field_gho9z-0\" value=\"Datenschutzerkl\u00e4rung gelesen und akzeptiert\"  data-reqmsg=\"Dieses Feld darf nicht leer sein.\" data-invmsg=\"This field is invalid\"   aria-required=\"true\"  \/> Datenschutzerkl\u00e4rung gelesen und akzeptiert<\/label><\/div>\n<\/div>\r\n    \r\n    \r\n<\/div>\n<div id=\"frm_field_35_container\" class=\"frm_form_field form-field  frm_top_container\">\r\n    <label for=\"field_soekp\" id=\"field_soekp_label\" class=\"frm_primary_label\">Sonstiges (your message)\r\n        <span class=\"frm_required\" aria-hidden=\"true\"><\/span>\r\n    <\/label>\r\n    <textarea name=\"item_meta[35]\" id=\"field_soekp\" rows=\"5\"  data-invmsg=\"Sonstiges (your message) is invalid\" aria-invalid=\"false\"  ><\/textarea>\r\n    \r\n    \r\n<\/div>\n<div id=\"frm_field_72_container\" class=\"frm_form_field form-field \">\n\t<div class=\"frm_submit\">\r\n\r\n<button class=\"frm_button_submit\" type=\"submit\"  >Senden<\/button>\r\n\r\n<\/div>\n<\/div>\n\t<input type=\"hidden\" name=\"item_key\" value=\"\" \/>\n\t\t\t<div id=\"frm_field_73_container\">\n\t\t\t<label for=\"field_szsj7\" >\n\t\t\t\tIf you are human, leave this field blank.\t\t\t<\/label>\n\t\t\t<input  id=\"field_szsj7\" type=\"text\" class=\"frm_form_field form-field frm_verify\" name=\"item_meta[73]\" value=\"\"  \/>\n\t\t<\/div>\n\t\t<input name=\"frm_state\" type=\"hidden\" value=\"y5DthqUQvu\/TJhJYpdfsd1zCZUwAapAwOUTgpkaToiU=\" \/><\/div>\n<\/fieldset>\n<\/div>\n<script type=\"text\/javascript\">var input = document.createElement('input');\n    input.setAttribute('type', 'hidden');\n    input.setAttribute('name', 'ct_checkjs_frm');\n    input.setAttribute('value', '216643852');\n    for (i = 0; i < document.forms.length; i++) {\n        if (typeof document.forms[i].id == 'string'){\n\t\t\tif(document.forms[i].id.search('form_auftrag-privat') != -1) {\n            document.forms[i].appendChild(input);\n\t\t\t}\n        }\n    }<\/script>\n\n<\/form>\n<\/div>\n\n","protected":false},"excerpt":{"rendered":"<p>Suchanfrage online F\u00fcr Wohnraumsuchende entstehen bei Erf\u00fcllung dieses Auftrages durch Interlodge keine Kosten! Teilen Sie uns hier Ihre W\u00fcnsche f\u00fcr die gesuchte m\u00f6blierte Zeitwohnung mit. Wir w\u00e4hlen in unserer Datenbank die f\u00fcr Sie passenden Objekte aus und mailen Ihnen diese zu. Bitte unbedingt eine g\u00fcltige E-Mail-Adresse eingeben! Die Suchkriterien bitte ebenfalls vollst\u00e4ndig ausf\u00fcllen, vielen Dank.<\/p>\n","protected":false},"author":1,"featured_media":496,"parent":0,"menu_order":0,"comment_status":"closed","ping_status":"closed","template":"","meta":{"footnotes":""},"class_list":["entry","author-eckey","post-601","page","type-page","status-publish","has-post-thumbnail"],"translation":{"provider":"WPGlobus","version":"3.0.2","language":"en","enabled_languages":["de","en"],"languages":{"de":{"title":true,"content":true,"excerpt":false},"en":{"title":false,"content":false,"excerpt":false}}},"_links":{"self":[{"href":"https:\/\/interlodge.de\/en\/wp-json\/wp\/v2\/pages\/601","targetHints":{"allow":["GET"]}}],"collection":[{"href":"https:\/\/interlodge.de\/en\/wp-json\/wp\/v2\/pages"}],"about":[{"href":"https:\/\/interlodge.de\/en\/wp-json\/wp\/v2\/types\/page"}],"author":[{"embeddable":true,"href":"https:\/\/interlodge.de\/en\/wp-json\/wp\/v2\/users\/1"}],"replies":[{"embeddable":true,"href":"https:\/\/interlodge.de\/en\/wp-json\/wp\/v2\/comments?post=601"}],"version-history":[{"count":5,"href":"https:\/\/interlodge.de\/en\/wp-json\/wp\/v2\/pages\/601\/revisions"}],"predecessor-version":[{"id":624,"href":"https:\/\/interlodge.de\/en\/wp-json\/wp\/v2\/pages\/601\/revisions\/624"}],"wp:featuredmedia":[{"embeddable":true,"href":"https:\/\/interlodge.de\/en\/wp-json\/wp\/v2\/media\/496"}],"wp:attachment":[{"href":"https:\/\/interlodge.de\/en\/wp-json\/wp\/v2\/media?parent=601"}],"curies":[{"name":"wp","href":"https:\/\/api.w.org\/{rel}","templated":true}]}}