{"id":97,"date":"2018-08-09T13:48:52","date_gmt":"2018-08-09T13:48:52","guid":{"rendered":"https:\/\/interlodge.de\/?page_id=97"},"modified":"2023-02-17T13:18:43","modified_gmt":"2023-02-17T12:18:43","slug":"angebote-2","status":"publish","type":"page","link":"https:\/\/interlodge.de\/en\/angebote-2","title":{"rendered":"Angebote"},"content":{"rendered":"\n<p><strong>Interlodge<sup>\u00a9<\/sup>\u00a0f\u00fcr Wohnraumanbieter<br\/><\/strong><a target=\"_blank\" href=\"https:\/\/interlodge.info\/anbieterservice.html\" rel=\"noreferrer noopener\">Unsere Serviceleistungen<\/a><\/p>\n\n\n\n<p><strong><br\/>Wir geben Ihre Wohnung in gute H\u00e4nde!<\/strong><\/p>\n\n\n\n<p>\u2022 Sie m\u00f6chten als Eigent\u00fcmer Ihre Wohnungen auf Dauer gut vermietet wissen. Gerade, wenn diese komplett ausgestattet sind und mehrmals im Jahr neu vermietet werden.<\/p>\n\n\n\n<p>\u2022 Erst recht, wenn es sich dabei um Ihre eigene Wohnung handelt, die Sie f\u00fcr die Zeit, in der Sie an einen anderen Ort m\u00fcssen, zwischenvermieten.<\/p>\n\n\n\n<p><strong>Gleichzeitig m\u00f6chten Sie aber den direkten Zugriff auf Ihr Eigentum aus unterschiedlichen nicht verlieren:<\/strong><\/p>\n\n\n\n<p>\u2022 Denn Sie m\u00f6chten selbstverst\u00e4ndlich nach Ihrem Auslandsaufenthalt wieder Ihre eigenen &#8220;4 W\u00e4nde&#8221; beziehen ,<\/p>\n\n\n\n<p>\u2022 oder Ihre Immobilie in unvermietetem Zustand verkaufen,<\/p>\n\n\n\n<p>\u2022 oder die M\u00f6glichkeit haben, einem Familienmitglied die Wohnung zur Verf\u00fcgung stellen zu k\u00f6nnen.<\/p>\n\n\n\n<p>Es gibt dutzende Gr\u00fcnde, seinen Wohnraum m\u00f6bliert und zeitlich befristet zu vermieten.<\/p>\n\n\n\n<p><strong>Ihr Vorteil bei Zeitmietern ist:<\/strong><\/p>\n\n\n\n<p><strong>Sie behalten die F\u00e4den in Ihrer Hand und k\u00f6nnen jederzeit umdisponieren.<\/strong><\/p>\n\n\n\n<p>Die spezielle Art der Vermietung k\u00f6nnen Sie als Anbieter von m\u00f6blierten Wohnraum bei Interlodge\u00a9 haben. Hierbei k\u00f6nnen wir auf Erfahrungen seit dem ersten Marktauftrittt dieser Dienstleistung 1987 zur\u00fcckgreifen.<\/p>\n\n\n\n<p>Vereinbaren Sie einfach einen Termin mit unseren Mitarbeitern oder nutzen Sie unser\u00a0<a href=\"https:\/\/interlodge.de\/wohnung-eingeben\">Onlineformular<\/a>\u00a0und geben Ihre Wohnung direkt zur Vermittlung frei. Sie entscheiden aber letztendlich, mit wem Sie den Zeitmietvertrag abschliessen werden.<\/p>\n\n\n\n<p><strong>Zeitmieter bringen mehr Flexibilit\u00e4t!<br\/><br\/><br\/><\/strong><strong>Bei\u00a0<\/strong><strong>Interlodge\u00a9\u00a0<\/strong><strong>wird Ihr Angebot optimal im Internet angeboten<br\/><br\/><\/strong>Wir bewerben Ihre m\u00f6blierte Wohnung auf den meisten relevanten Portalen im Internet. Aktuell kooperieren wir mit folgenden \u00a0Partnern:<br\/><strong><br\/><a href=\"http:\/\/www.immobilienscout24.de\/\" target=\"_blank\" rel=\"noreferrer noopener\">www.immobilienscout24.de<\/a><br\/><a href=\"http:\/\/www.immonet.de\/\" target=\"_blank\" rel=\"noreferrer noopener\">www.immonet.de<\/a><\/strong><strong><br\/><a href=\"https:\/\/www.immowelt.de\/\" target=\"_blank\" rel=\"noreferrer noopener\">www.immowelt.de<\/a><br\/><a href=\"http:\/\/www.immozentral.de\/\" target=\"_blank\" rel=\"noreferrer noopener\">www.immozentral.de<\/a><br\/><a href=\"http:\/\/www.immo4trans.de\/\" target=\"_blank\" rel=\"noreferrer noopener\">www.immo4trans.de<\/a><br\/><a href=\"http:\/\/www.kalaydo.de\/\" target=\"_blank\" rel=\"noreferrer noopener\">www.kalaydo.de<\/a><br\/><a href=\"http:\/\/www.kleinanzeigen.de\/\" target=\"_blank\" rel=\"noreferrer noopener\">www.kleinanzeigen.de<\/a><br\/><a href=\"http:\/\/www.wohnung-jetzt.de\/\" target=\"_blank\" rel=\"noreferrer noopener\">www.wohnung-jetzt.de<br\/><\/a><br\/><\/strong>und vielen weiteren Portalen von Tageszeitungen und Wochenzeitschriften.<\/p>\n","protected":false},"excerpt":{"rendered":"<p>Interlodge\u00a9\u00a0f\u00fcr WohnraumanbieterUnsere Serviceleistungen Wir geben Ihre Wohnung in gute H\u00e4nde! \u2022 Sie m\u00f6chten als Eigent\u00fcmer Ihre Wohnungen auf Dauer gut vermietet wissen. Gerade, wenn diese komplett ausgestattet sind und mehrmals im Jahr neu vermietet werden. \u2022 Erst recht, wenn es sich dabei um Ihre eigene Wohnung handelt, die Sie f\u00fcr die Zeit, in der Sie an einen anderen Ort m\u00fcssen, zwischenvermieten. Gleichzeitig m\u00f6chten Sie aber den direkten Zugriff auf Ihr Eigentum aus unterschiedlichen nicht verlieren: \u2022 Denn Sie m\u00f6chten selbstverst\u00e4ndlich nach Ihrem Auslandsaufenthalt wieder Ihre eigenen &#8220;4 W\u00e4nde&#8221; beziehen , \u2022 oder Ihre Immobilie in unvermietetem Zustand verkaufen, \u2022 oder die M\u00f6glichkeit haben, einem Familienmitglied<span class=\"more-link\"><a href=\"https:\/\/interlodge.de\/en\/angebote-2\">Read More &rarr;<\/a><\/span><\/p>\n","protected":false},"author":1,"featured_media":0,"parent":0,"menu_order":0,"comment_status":"closed","ping_status":"closed","template":"","meta":{"footnotes":""},"class_list":["entry","author-eckey","post-97","page","type-page","status-publish"],"translation":{"provider":"WPGlobus","version":"3.0.2","language":"en","enabled_languages":["de","en"],"languages":{"de":{"title":true,"content":true,"excerpt":false},"en":{"title":false,"content":false,"excerpt":false}}},"_links":{"self":[{"href":"https:\/\/interlodge.de\/en\/wp-json\/wp\/v2\/pages\/97","targetHints":{"allow":["GET"]}}],"collection":[{"href":"https:\/\/interlodge.de\/en\/wp-json\/wp\/v2\/pages"}],"about":[{"href":"https:\/\/interlodge.de\/en\/wp-json\/wp\/v2\/types\/page"}],"author":[{"embeddable":true,"href":"https:\/\/interlodge.de\/en\/wp-json\/wp\/v2\/users\/1"}],"replies":[{"embeddable":true,"href":"https:\/\/interlodge.de\/en\/wp-json\/wp\/v2\/comments?post=97"}],"version-history":[{"count":3,"href":"https:\/\/interlodge.de\/en\/wp-json\/wp\/v2\/pages\/97\/revisions"}],"predecessor-version":[{"id":677,"href":"https:\/\/interlodge.de\/en\/wp-json\/wp\/v2\/pages\/97\/revisions\/677"}],"wp:attachment":[{"href":"https:\/\/interlodge.de\/en\/wp-json\/wp\/v2\/media?parent=97"}],"curies":[{"name":"wp","href":"https:\/\/api.w.org\/{rel}","templated":true}]}}